{"id":899,"date":"2025-12-12T18:58:08","date_gmt":"2025-12-12T23:58:08","guid":{"rendered":"https:\/\/yoyoso.yopuedo.pe\/?post_type=product&#038;p=899"},"modified":"2025-12-12T18:58:08","modified_gmt":"2025-12-12T23:58:08","slug":"esmalte-ricardo","status":"publish","type":"product","link":"https:\/\/yoyoso.yopuedo.pe\/index.php\/product\/esmalte-ricardo\/","title":{"rendered":"ESMALTE RICARDO"},"content":{"rendered":"<p>ESMALTE TRADICIONAL CREMOSOS ADMISS 10 ML. .Formulaci\u00f3n 10 Free. Libre de: Tolueno, Formaldeh\u00eddo, Resina de Formaldeh\u00eddo, Dibutil Ftalato (DBP), Triphenyl Phosphate, Glycol Ether, Bisphenol A, Nonylphenol Ethoxylate, Alcanfor y MEK. .Brocha plana y redondeada para f\u00e1cil aplicaci\u00f3n. .Libre de testeo animal.<\/p>\n","protected":false},"excerpt":{"rendered":"<p>ESMALTE TRADICIONAL CREMOSOS ADMISS 10 ML. .Formulaci\u00f3n 10 Free. Libre de: Tolueno, Formaldeh\u00eddo, Resina de Formaldeh\u00eddo, Dibutil Ftalato (DBP), Triphenyl Phosphate, Glycol Ether, Bisphenol A, Nonylphenol Ethoxylate, Alcanfor y MEK. .Brocha plana y redondeada para f\u00e1cil aplicaci\u00f3n. .Libre de testeo animal.<\/p>\n","protected":false},"featured_media":384,"comment_status":"open","ping_status":"closed","template":"","meta":[],"product_brand":[91],"product_cat":[88],"product_tag":[],"class_list":{"0":"post-899","1":"product","2":"type-product","3":"status-publish","4":"has-post-thumbnail","6":"product_brand-admiss","7":"product_cat-belleza","9":"first","10":"instock","11":"shipping-taxable","12":"purchasable","13":"product-type-simple"},"_links":{"self":[{"href":"https:\/\/yoyoso.yopuedo.pe\/index.php\/wp-json\/wp\/v2\/product\/899","targetHints":{"allow":["GET"]}}],"collection":[{"href":"https:\/\/yoyoso.yopuedo.pe\/index.php\/wp-json\/wp\/v2\/product"}],"about":[{"href":"https:\/\/yoyoso.yopuedo.pe\/index.php\/wp-json\/wp\/v2\/types\/product"}],"replies":[{"embeddable":true,"href":"https:\/\/yoyoso.yopuedo.pe\/index.php\/wp-json\/wp\/v2\/comments?post=899"}],"wp:featuredmedia":[{"embeddable":true,"href":"https:\/\/yoyoso.yopuedo.pe\/index.php\/wp-json\/wp\/v2\/media\/384"}],"wp:attachment":[{"href":"https:\/\/yoyoso.yopuedo.pe\/index.php\/wp-json\/wp\/v2\/media?parent=899"}],"wp:term":[{"taxonomy":"product_brand","embeddable":true,"href":"https:\/\/yoyoso.yopuedo.pe\/index.php\/wp-json\/wp\/v2\/product_brand?post=899"},{"taxonomy":"product_cat","embeddable":true,"href":"https:\/\/yoyoso.yopuedo.pe\/index.php\/wp-json\/wp\/v2\/product_cat?post=899"},{"taxonomy":"product_tag","embeddable":true,"href":"https:\/\/yoyoso.yopuedo.pe\/index.php\/wp-json\/wp\/v2\/product_tag?post=899"}],"curies":[{"name":"wp","href":"https:\/\/api.w.org\/{rel}","templated":true}]}}