{"id":898,"date":"2025-12-12T18:56:23","date_gmt":"2025-12-12T23:56:23","guid":{"rendered":"https:\/\/yoyoso.yopuedo.pe\/?post_type=product&#038;p=898"},"modified":"2025-12-12T18:56:23","modified_gmt":"2025-12-12T23:56:23","slug":"esmalte-brillo-platinado","status":"publish","type":"product","link":"https:\/\/yoyoso.yopuedo.pe\/index.php\/product\/esmalte-brillo-platinado\/","title":{"rendered":"Esmalte BRILLO PLATINADO"},"content":{"rendered":"<p>BRILLO TRADICIONAL CON PARTICULAS ADMISS PLATINO 10 ML. 5 free libre de: Tolueno. .Brocha Plana y Redondeada para f\u00e1cil aplicaci\u00f3n<br \/>\nAlta cobertura con acabado especial<br \/>\nAlcanfor<br \/>\nFormaldeh\u00eddo<br \/>\nDibutil Ftalato<br \/>\nResina de formaldeh\u00eddo<\/p>\n","protected":false},"excerpt":{"rendered":"<p>BRILLO TRADICIONAL CON PARTICULAS ADMISS PLATINO 10 ML. 5 free libre de: Tolueno. .Brocha Plana y Redondeada para f\u00e1cil aplicaci\u00f3n Alta cobertura con acabado especial Alcanfor Formaldeh\u00eddo Dibutil Ftalato Resina de formaldeh\u00eddo<\/p>\n","protected":false},"featured_media":386,"comment_status":"open","ping_status":"closed","template":"","meta":[],"product_brand":[91],"product_cat":[88],"product_tag":[],"class_list":{"0":"post-898","1":"product","2":"type-product","3":"status-publish","4":"has-post-thumbnail","6":"product_brand-admiss","7":"product_cat-belleza","9":"first","10":"instock","11":"sale","12":"shipping-taxable","13":"purchasable","14":"product-type-simple"},"_links":{"self":[{"href":"https:\/\/yoyoso.yopuedo.pe\/index.php\/wp-json\/wp\/v2\/product\/898","targetHints":{"allow":["GET"]}}],"collection":[{"href":"https:\/\/yoyoso.yopuedo.pe\/index.php\/wp-json\/wp\/v2\/product"}],"about":[{"href":"https:\/\/yoyoso.yopuedo.pe\/index.php\/wp-json\/wp\/v2\/types\/product"}],"replies":[{"embeddable":true,"href":"https:\/\/yoyoso.yopuedo.pe\/index.php\/wp-json\/wp\/v2\/comments?post=898"}],"wp:featuredmedia":[{"embeddable":true,"href":"https:\/\/yoyoso.yopuedo.pe\/index.php\/wp-json\/wp\/v2\/media\/386"}],"wp:attachment":[{"href":"https:\/\/yoyoso.yopuedo.pe\/index.php\/wp-json\/wp\/v2\/media?parent=898"}],"wp:term":[{"taxonomy":"product_brand","embeddable":true,"href":"https:\/\/yoyoso.yopuedo.pe\/index.php\/wp-json\/wp\/v2\/product_brand?post=898"},{"taxonomy":"product_cat","embeddable":true,"href":"https:\/\/yoyoso.yopuedo.pe\/index.php\/wp-json\/wp\/v2\/product_cat?post=898"},{"taxonomy":"product_tag","embeddable":true,"href":"https:\/\/yoyoso.yopuedo.pe\/index.php\/wp-json\/wp\/v2\/product_tag?post=898"}],"curies":[{"name":"wp","href":"https:\/\/api.w.org\/{rel}","templated":true}]}}