{"id":874,"date":"2025-12-12T18:22:27","date_gmt":"2025-12-12T23:22:27","guid":{"rendered":"https:\/\/yoyoso.yopuedo.pe\/?post_type=product&#038;p=874"},"modified":"2025-12-12T18:22:27","modified_gmt":"2025-12-12T23:22:27","slug":"tinta-de-labios-cherry-jarusa","status":"publish","type":"product","link":"https:\/\/yoyoso.yopuedo.pe\/index.php\/product\/tinta-de-labios-cherry-jarusa\/","title":{"rendered":"TINTA DE LABIOS CHERRY JARUSA"},"content":{"rendered":"<p>Variedad de Tonos: Selecciona entre seis tonos diferentes, cada uno dise\u00f1ado para adaptarse perfectamente a diversas ocasiones . Alta Pigmentaci\u00f3n: Los colores intensos y ricos ofrecen una cobertura total y un acabado que realmente resalta, con solo una aplicaci\u00f3n. Larga Duraci\u00f3n, F\u00f3rmula Confortable, F\u00e1cil Aplicaci\u00f3n<\/p>\n","protected":false},"excerpt":{"rendered":"<p>Variedad de Tonos: Selecciona entre seis tonos diferentes, cada uno dise\u00f1ado para adaptarse perfectamente a diversas ocasiones . Alta Pigmentaci\u00f3n: Los colores intensos y ricos ofrecen una cobertura total y un acabado que realmente resalta, con solo una aplicaci\u00f3n. Larga Duraci\u00f3n, F\u00f3rmula Confortable, F\u00e1cil Aplicaci\u00f3n<\/p>\n","protected":false},"featured_media":380,"comment_status":"open","ping_status":"closed","template":"","meta":[],"product_brand":[31],"product_cat":[88],"product_tag":[],"class_list":{"0":"post-874","1":"product","2":"type-product","3":"status-publish","4":"has-post-thumbnail","6":"product_brand-yoyoso","7":"product_cat-belleza","9":"first","10":"instock","11":"sale","12":"shipping-taxable","13":"purchasable","14":"product-type-simple"},"_links":{"self":[{"href":"https:\/\/yoyoso.yopuedo.pe\/index.php\/wp-json\/wp\/v2\/product\/874","targetHints":{"allow":["GET"]}}],"collection":[{"href":"https:\/\/yoyoso.yopuedo.pe\/index.php\/wp-json\/wp\/v2\/product"}],"about":[{"href":"https:\/\/yoyoso.yopuedo.pe\/index.php\/wp-json\/wp\/v2\/types\/product"}],"replies":[{"embeddable":true,"href":"https:\/\/yoyoso.yopuedo.pe\/index.php\/wp-json\/wp\/v2\/comments?post=874"}],"wp:featuredmedia":[{"embeddable":true,"href":"https:\/\/yoyoso.yopuedo.pe\/index.php\/wp-json\/wp\/v2\/media\/380"}],"wp:attachment":[{"href":"https:\/\/yoyoso.yopuedo.pe\/index.php\/wp-json\/wp\/v2\/media?parent=874"}],"wp:term":[{"taxonomy":"product_brand","embeddable":true,"href":"https:\/\/yoyoso.yopuedo.pe\/index.php\/wp-json\/wp\/v2\/product_brand?post=874"},{"taxonomy":"product_cat","embeddable":true,"href":"https:\/\/yoyoso.yopuedo.pe\/index.php\/wp-json\/wp\/v2\/product_cat?post=874"},{"taxonomy":"product_tag","embeddable":true,"href":"https:\/\/yoyoso.yopuedo.pe\/index.php\/wp-json\/wp\/v2\/product_tag?post=874"}],"curies":[{"name":"wp","href":"https:\/\/api.w.org\/{rel}","templated":true}]}}