{"id":871,"date":"2025-12-12T18:16:05","date_gmt":"2025-12-12T23:16:05","guid":{"rendered":"https:\/\/yoyoso.yopuedo.pe\/?post_type=product&#038;p=871"},"modified":"2025-12-12T18:16:05","modified_gmt":"2025-12-12T23:16:05","slug":"set-de-brochas-de-maquillaje-rosa-y-dorado-de-7-piezas","status":"publish","type":"product","link":"https:\/\/yoyoso.yopuedo.pe\/index.php\/product\/set-de-brochas-de-maquillaje-rosa-y-dorado-de-7-piezas\/","title":{"rendered":"Set de Brochas de Maquillaje Rosa y Dorado de 7 Piezas"},"content":{"rendered":"<p>Dale un toque de elegancia a tu rutina de maquillaje con nuestro set de pinceles de maquillaje rosa y dorado de 7 piezas. Dise\u00f1ados para ofrecer precisi\u00f3n y suavidad, estos pinceles son ideales para una aplicaci\u00f3n perfecta de productos y lograr un acabado profesional.<\/p>\n","protected":false},"excerpt":{"rendered":"<p>Dale un toque de elegancia a tu rutina de maquillaje con nuestro set de pinceles de maquillaje rosa y dorado de 7 piezas. Dise\u00f1ados para ofrecer precisi\u00f3n y suavidad, estos pinceles son ideales para una aplicaci\u00f3n perfecta de productos y lograr un acabado profesional.<\/p>\n","protected":false},"featured_media":830,"comment_status":"open","ping_status":"closed","template":"","meta":[],"product_brand":[],"product_cat":[88],"product_tag":[],"class_list":{"0":"post-871","1":"product","2":"type-product","3":"status-publish","4":"has-post-thumbnail","6":"product_cat-belleza","8":"first","9":"instock","10":"sale","11":"shipping-taxable","12":"purchasable","13":"product-type-simple"},"_links":{"self":[{"href":"https:\/\/yoyoso.yopuedo.pe\/index.php\/wp-json\/wp\/v2\/product\/871","targetHints":{"allow":["GET"]}}],"collection":[{"href":"https:\/\/yoyoso.yopuedo.pe\/index.php\/wp-json\/wp\/v2\/product"}],"about":[{"href":"https:\/\/yoyoso.yopuedo.pe\/index.php\/wp-json\/wp\/v2\/types\/product"}],"replies":[{"embeddable":true,"href":"https:\/\/yoyoso.yopuedo.pe\/index.php\/wp-json\/wp\/v2\/comments?post=871"}],"wp:featuredmedia":[{"embeddable":true,"href":"https:\/\/yoyoso.yopuedo.pe\/index.php\/wp-json\/wp\/v2\/media\/830"}],"wp:attachment":[{"href":"https:\/\/yoyoso.yopuedo.pe\/index.php\/wp-json\/wp\/v2\/media?parent=871"}],"wp:term":[{"taxonomy":"product_brand","embeddable":true,"href":"https:\/\/yoyoso.yopuedo.pe\/index.php\/wp-json\/wp\/v2\/product_brand?post=871"},{"taxonomy":"product_cat","embeddable":true,"href":"https:\/\/yoyoso.yopuedo.pe\/index.php\/wp-json\/wp\/v2\/product_cat?post=871"},{"taxonomy":"product_tag","embeddable":true,"href":"https:\/\/yoyoso.yopuedo.pe\/index.php\/wp-json\/wp\/v2\/product_tag?post=871"}],"curies":[{"name":"wp","href":"https:\/\/api.w.org\/{rel}","templated":true}]}}