{"id":822,"date":"2025-12-12T15:14:58","date_gmt":"2025-12-12T20:14:58","guid":{"rendered":"https:\/\/yoyoso.yopuedo.pe\/?post_type=product&#038;p=822"},"modified":"2025-12-12T15:17:30","modified_gmt":"2025-12-12T20:17:30","slug":"peluche-de-felpa-eleven-stranger-things","status":"publish","type":"product","link":"https:\/\/yoyoso.yopuedo.pe\/index.php\/product\/peluche-de-felpa-eleven-stranger-things\/","title":{"rendered":"Peluche de Felpa Eleven &#8211; Stranger Things"},"content":{"rendered":"<p>Peluche inspirado en Eleven de Stranger Things, con su caracter\u00edstico estilo y expresi\u00f3n desafiante. Detalles cuidados como su atuendo ic\u00f3nico y su pose firme lo convierten en una pieza ideal para fans de la serie. Suave, compacto y perfecto para coleccionar o decorar tu espacio con un toque del Upside Down.<\/p>\n","protected":false},"excerpt":{"rendered":"<p>Peluche inspirado en Eleven de Stranger Things, con su caracter\u00edstico estilo y expresi\u00f3n desafiante. Detalles cuidados como su atuendo ic\u00f3nico y su pose firme lo convierten en una pieza ideal para fans de la serie. Suave, compacto y perfecto para coleccionar o decorar tu espacio con un toque del Upside Down.<\/p>\n","protected":false},"featured_media":789,"comment_status":"open","ping_status":"closed","template":"","meta":[],"product_brand":[],"product_cat":[21,22],"product_tag":[],"class_list":{"0":"post-822","1":"product","2":"type-product","3":"status-publish","4":"has-post-thumbnail","6":"product_cat-peluches","7":"product_cat-peluches-kawaii","9":"first","10":"instock","11":"sold-individually","12":"shipping-taxable","13":"purchasable","14":"product-type-simple"},"_links":{"self":[{"href":"https:\/\/yoyoso.yopuedo.pe\/index.php\/wp-json\/wp\/v2\/product\/822","targetHints":{"allow":["GET"]}}],"collection":[{"href":"https:\/\/yoyoso.yopuedo.pe\/index.php\/wp-json\/wp\/v2\/product"}],"about":[{"href":"https:\/\/yoyoso.yopuedo.pe\/index.php\/wp-json\/wp\/v2\/types\/product"}],"replies":[{"embeddable":true,"href":"https:\/\/yoyoso.yopuedo.pe\/index.php\/wp-json\/wp\/v2\/comments?post=822"}],"wp:featuredmedia":[{"embeddable":true,"href":"https:\/\/yoyoso.yopuedo.pe\/index.php\/wp-json\/wp\/v2\/media\/789"}],"wp:attachment":[{"href":"https:\/\/yoyoso.yopuedo.pe\/index.php\/wp-json\/wp\/v2\/media?parent=822"}],"wp:term":[{"taxonomy":"product_brand","embeddable":true,"href":"https:\/\/yoyoso.yopuedo.pe\/index.php\/wp-json\/wp\/v2\/product_brand?post=822"},{"taxonomy":"product_cat","embeddable":true,"href":"https:\/\/yoyoso.yopuedo.pe\/index.php\/wp-json\/wp\/v2\/product_cat?post=822"},{"taxonomy":"product_tag","embeddable":true,"href":"https:\/\/yoyoso.yopuedo.pe\/index.php\/wp-json\/wp\/v2\/product_tag?post=822"}],"curies":[{"name":"wp","href":"https:\/\/api.w.org\/{rel}","templated":true}]}}